{"id":2767,"date":"2023-07-26T06:15:04","date_gmt":"2023-07-26T06:15:04","guid":{"rendered":"https:\/\/otispro.pl\/otispro-com\/"},"modified":"2023-09-19T11:51:12","modified_gmt":"2023-09-19T11:51:12","slug":"otispro-com","status":"publish","type":"page","link":"https:\/\/otispro.pl\/de\/otispro-com\/","title":{"rendered":"OtisPro Com"},"content":{"rendered":"\t\t<div data-elementor-type=\"wp-page\" data-elementor-id=\"2767\" class=\"elementor elementor-2767 elementor-1873\" data-elementor-post-type=\"page\">\n\t\t\t\t\t\t\t<div class=\"elementor-element elementor-element-1b331820 e-flex e-con-boxed e-con e-parent\" data-id=\"1b331820\" data-element_type=\"container\" data-settings=\"{&quot;content_width&quot;:&quot;boxed&quot;}\" data-core-v316-plus=\"true\">\n\t\t\t\t\t<div class=\"e-con-inner\">\n\t\t<div class=\"elementor-element elementor-element-5cf594c1 e-con-full e-flex e-con e-parent\" data-id=\"5cf594c1\" data-element_type=\"container\" data-settings=\"{&quot;content_width&quot;:&quot;full&quot;}\" data-core-v316-plus=\"true\">\n\t\t\t\t<div class=\"elementor-element elementor-element-357d8713 elementor-widget elementor-widget-heading\" data-id=\"357d8713\" data-element_type=\"widget\" data-widget_type=\"heading.default\">\n\t\t\t\t<div class=\"elementor-widget-container\">\n\t\t\t<style>\/*! elementor - v3.16.0 - 14-09-2023 *\/\n.elementor-heading-title{padding:0;margin:0;line-height:1}.elementor-widget-heading .elementor-heading-title[class*=elementor-size-]>a{color:inherit;font-size:inherit;line-height:inherit}.elementor-widget-heading .elementor-heading-title.elementor-size-small{font-size:15px}.elementor-widget-heading .elementor-heading-title.elementor-size-medium{font-size:19px}.elementor-widget-heading .elementor-heading-title.elementor-size-large{font-size:29px}.elementor-widget-heading .elementor-heading-title.elementor-size-xl{font-size:39px}.elementor-widget-heading .elementor-heading-title.elementor-size-xxl{font-size:59px}<\/style><h6 class=\"elementor-heading-title elementor-size-default\">3in1 - Geh\u00f6rschutz plus Kommunikation mit nahen und fernen Umgebungen<\/h6>\t\t<\/div>\n\t\t\t\t<\/div>\n\t\t\t\t<div class=\"elementor-element elementor-element-5be3f54c elementor-widget elementor-widget-heading\" data-id=\"5be3f54c\" data-element_type=\"widget\" data-widget_type=\"heading.default\">\n\t\t\t\t<div class=\"elementor-widget-container\">\n\t\t\t<h1 class=\"elementor-heading-title elementor-size-default\">OtisPro Com<\/h1>\t\t<\/div>\n\t\t\t\t<\/div>\n\t\t\t\t<div class=\"elementor-element elementor-element-7b035ea5 elementor-widget elementor-widget-text-editor\" data-id=\"7b035ea5\" data-element_type=\"widget\" data-widget_type=\"text-editor.default\">\n\t\t\t\t<div class=\"elementor-widget-container\">\n\t\t\t<style>\/*! elementor - v3.16.0 - 14-09-2023 *\/\n.elementor-widget-text-editor.elementor-drop-cap-view-stacked .elementor-drop-cap{background-color:#69727d;color:#fff}.elementor-widget-text-editor.elementor-drop-cap-view-framed .elementor-drop-cap{color:#69727d;border:3px solid;background-color:transparent}.elementor-widget-text-editor:not(.elementor-drop-cap-view-default) .elementor-drop-cap{margin-top:8px}.elementor-widget-text-editor:not(.elementor-drop-cap-view-default) .elementor-drop-cap-letter{width:1em;height:1em}.elementor-widget-text-editor .elementor-drop-cap{float:left;text-align:center;line-height:1;font-size:50px}.elementor-widget-text-editor .elementor-drop-cap-letter{display:inline-block}<\/style>\t\t\t\t<p>Stellen Sie sich eine lange Fertigungsstra\u00dfe vor. Es ist rundherum sehr laut, aber die Mitarbeiter st\u00f6rt der L\u00e4rm nicht. Sie k\u00f6nnen die Anweisungen und Alarmsignale ihrer Kollegen gut h\u00f6ren und mit dem Personal am anderen Ende der Leitung sprechen. Ohne zus\u00e4tzliche Ger\u00e4te in der Hand h\u00f6ren sie die Befehle klar und deutlich, so dass Missverst\u00e4ndnisse vermieden werden.<\/p>\n<p>So funktioniert OtisPro Com &#8211; ein individueller Geh\u00f6rschutz, der mit dem internen Kommunikationssystem des Unternehmens verbunden ist. <\/p>\n<p>OtisPro Com-Kopfh\u00f6rer kombinieren die Vorteile der OtisPro-Ohrst\u00f6psel mit der zus\u00e4tzlichen Funktion eines eingebauten Lautsprechers, der an das Telefon oder Radio Ihres Unternehmens angeschlossen werden kann.<\/p>\t\t\t\t\t\t<\/div>\n\t\t\t\t<\/div>\n\t\t\t\t<\/div>\n\t\t<div class=\"elementor-element elementor-element-367aca9f e-con-full e-flex e-con e-parent\" data-id=\"367aca9f\" data-element_type=\"container\" data-settings=\"{&quot;content_width&quot;:&quot;full&quot;}\" data-core-v316-plus=\"true\">\n\t\t\t\t<div class=\"elementor-element elementor-element-47043514 elementor-widget elementor-widget-image\" data-id=\"47043514\" data-element_type=\"widget\" data-widget_type=\"image.default\">\n\t\t\t\t<div class=\"elementor-widget-container\">\n\t\t\t<style>\/*! elementor - v3.16.0 - 14-09-2023 *\/\n.elementor-widget-image{text-align:center}.elementor-widget-image a{display:inline-block}.elementor-widget-image a img[src$=\".svg\"]{width:48px}.elementor-widget-image img{vertical-align:middle;display:inline-block}<\/style>\t\t\t\t\t\t\t\t\t\t\t\t<img decoding=\"async\" loading=\"lazy\" width=\"574\" height=\"652\" src=\"https:\/\/otispro.pl\/wp-content\/uploads\/2023\/08\/slider-bg-1.png\" class=\"attachment-large size-large wp-image-2012\" alt=\"\" srcset=\"https:\/\/otispro.pl\/wp-content\/uploads\/2023\/08\/slider-bg-1.png 574w, https:\/\/otispro.pl\/wp-content\/uploads\/2023\/08\/slider-bg-1-264x300.png 264w\" sizes=\"(max-width: 574px) 100vw, 574px\" \/>\t\t\t\t\t\t\t\t\t\t\t\t\t\t\t<\/div>\n\t\t\t\t<\/div>\n\t\t\t\t<\/div>\n\t\t\t\t\t<\/div>\n\t\t\t\t<\/div>\n\t\t<div class=\"elementor-element elementor-element-49f964e5 e-flex e-con-boxed e-con e-parent\" data-id=\"49f964e5\" data-element_type=\"container\" data-settings=\"{&quot;background_background&quot;:&quot;classic&quot;,&quot;content_width&quot;:&quot;boxed&quot;}\" data-core-v316-plus=\"true\">\n\t\t\t\t\t<div class=\"e-con-inner\">\n\t\t<div class=\"elementor-element elementor-element-17d69d9c e-flex e-con-boxed e-con e-parent\" data-id=\"17d69d9c\" data-element_type=\"container\" data-settings=\"{&quot;content_width&quot;:&quot;boxed&quot;}\" data-core-v316-plus=\"true\">\n\t\t\t\t\t<div class=\"e-con-inner\">\n\t\t\t\t<div class=\"elementor-element elementor-element-1beefd8 elementor-widget elementor-widget-tp-heading\" data-id=\"1beefd8\" data-element_type=\"widget\" data-widget_type=\"tp-heading.default\">\n\t\t\t\t<div class=\"elementor-widget-container\">\n\t\t\t\r\n\t\t\r\n                    <div class=\"tp-section\">\r\n                                <span class=\"tp-section__sub-title left-line right-line mb-25 tp-el-subtitle\">\r\n                    Indywidualne s\u0142uchawki                 <\/span>\r\n                                <h2 class=\"tp-section__title tp-el-title mb-70\">OtisPro Com \u2013 3w1<\/h2>                            <\/div>\r\n        \r\n        \r\n        \t\t<\/div>\n\t\t\t\t<\/div>\n\t\t\t\t\t<\/div>\n\t\t\t\t<\/div>\n\t\t<div class=\"elementor-element elementor-element-33058585 e-flex e-con-boxed e-con e-parent\" data-id=\"33058585\" data-element_type=\"container\" data-settings=\"{&quot;content_width&quot;:&quot;boxed&quot;}\" data-core-v316-plus=\"true\">\n\t\t\t\t\t<div class=\"e-con-inner\">\n\t\t<div class=\"elementor-element elementor-element-319900e7 e-flex e-con-boxed e-con e-parent\" data-id=\"319900e7\" data-element_type=\"container\" data-settings=\"{&quot;content_width&quot;:&quot;boxed&quot;}\" data-core-v316-plus=\"true\">\n\t\t\t\t\t<div class=\"e-con-inner\">\n\t\t\t\t<div class=\"elementor-element elementor-element-17318e6 elementor-widget elementor-widget-heading\" data-id=\"17318e6\" data-element_type=\"widget\" data-widget_type=\"heading.default\">\n\t\t\t\t<div class=\"elementor-widget-container\">\n\t\t\t<h3 class=\"elementor-heading-title elementor-size-default\">HERVORRAGENDE GEH\u00d6RSCH\u00dcTZER<\/h3>\t\t<\/div>\n\t\t\t\t<\/div>\n\t\t\t\t<div class=\"elementor-element elementor-element-557b9677 elementor-icon-list--layout-traditional elementor-list-item-link-full_width elementor-widget elementor-widget-icon-list\" data-id=\"557b9677\" data-element_type=\"widget\" data-widget_type=\"icon-list.default\">\n\t\t\t\t<div class=\"elementor-widget-container\">\n\t\t\t<link rel=\"stylesheet\" href=\"https:\/\/otispro.pl\/wp-content\/plugins\/elementor\/assets\/css\/widget-icon-list.min.css\">\t\t<ul class=\"elementor-icon-list-items\">\n\t\t\t\t\t\t\t<li class=\"elementor-icon-list-item\">\n\t\t\t\t\t\t\t\t\t\t\t<span class=\"elementor-icon-list-icon\">\n\t\t\t\t\t\t\t<i aria-hidden=\"true\" class=\"fas fa-check\"><\/i>\t\t\t\t\t\t<\/span>\n\t\t\t\t\t\t\t\t\t\t<span class=\"elementor-icon-list-text\">Bequemer Geh\u00f6rschutz, der t\u00e4glich \u00fcber viele Stunden getragen werden kann<\/span>\n\t\t\t\t\t\t\t\t\t<\/li>\n\t\t\t\t\t\t\t\t<li class=\"elementor-icon-list-item\">\n\t\t\t\t\t\t\t\t\t\t\t<span class=\"elementor-icon-list-icon\">\n\t\t\t\t\t\t\t<i aria-hidden=\"true\" class=\"fas fa-check\"><\/i>\t\t\t\t\t\t<\/span>\n\t\t\t\t\t\t\t\t\t\t<span class=\"elementor-icon-list-text\">Perfekte Anpassung an das Ohr dank individueller Abdr\u00fccke der Innenseite des Ohrs jedes Mitarbeiters, die wir in Ihrem Unternehmen anfertigen<\/span>\n\t\t\t\t\t\t\t\t\t<\/li>\n\t\t\t\t\t\t<\/ul>\n\t\t\t\t<\/div>\n\t\t\t\t<\/div>\n\t\t\t\t<div class=\"elementor-element elementor-element-5eedb953 elementor-align-justify elementor-widget elementor-widget-button\" data-id=\"5eedb953\" data-element_type=\"widget\" data-widget_type=\"button.default\">\n\t\t\t\t<div class=\"elementor-widget-container\">\n\t\t\t\t\t<div class=\"elementor-button-wrapper\">\n\t\t\t<a class=\"elementor-button elementor-button-link elementor-size-sm\" href=\"https:\/\/otispro.pl\/de\/otispro\/\">\n\t\t\t\t\t\t<span class=\"elementor-button-content-wrapper\">\n\t\t\t\t\t\t<span class=\"elementor-button-text\">Entdecken Sie den individuellen Geh\u00f6rschutz von OtisPro <\/span>\n\t\t<\/span>\n\t\t\t\t\t<\/a>\n\t\t<\/div>\n\t\t\t\t<\/div>\n\t\t\t\t<\/div>\n\t\t\t\t\t<\/div>\n\t\t\t\t<\/div>\n\t\t<div class=\"elementor-element elementor-element-79ac81e0 e-flex e-con-boxed e-con e-parent\" data-id=\"79ac81e0\" data-element_type=\"container\" data-settings=\"{&quot;content_width&quot;:&quot;boxed&quot;}\" data-core-v316-plus=\"true\">\n\t\t\t\t\t<div class=\"e-con-inner\">\n\t\t\t\t<div class=\"elementor-element elementor-element-14a6e91b elementor-widget elementor-widget-heading\" data-id=\"14a6e91b\" data-element_type=\"widget\" data-widget_type=\"heading.default\">\n\t\t\t\t<div class=\"elementor-widget-container\">\n\t\t\t<h3 class=\"elementor-heading-title elementor-size-default\">KOMMUNIKATION MIT DER UNMITTELBAREN UMGEBUNG<\/h3>\t\t<\/div>\n\t\t\t\t<\/div>\n\t\t\t\t<div class=\"elementor-element elementor-element-2697b030 elementor-icon-list--layout-traditional elementor-list-item-link-full_width elementor-widget elementor-widget-icon-list\" data-id=\"2697b030\" data-element_type=\"widget\" data-widget_type=\"icon-list.default\">\n\t\t\t\t<div class=\"elementor-widget-container\">\n\t\t\t\t\t<ul class=\"elementor-icon-list-items\">\n\t\t\t\t\t\t\t<li class=\"elementor-icon-list-item\">\n\t\t\t\t\t\t\t\t\t\t\t<span class=\"elementor-icon-list-icon\">\n\t\t\t\t\t\t\t<i aria-hidden=\"true\" class=\"fas fa-check\"><\/i>\t\t\t\t\t\t<\/span>\n\t\t\t\t\t\t\t\t\t\t<span class=\"elementor-icon-list-text\">Gespr\u00e4che mit Ihnen nahestehenden Menschen<\/span>\n\t\t\t\t\t\t\t\t\t<\/li>\n\t\t\t\t\t\t\t\t<li class=\"elementor-icon-list-item\">\n\t\t\t\t\t\t\t\t\t\t\t<span class=\"elementor-icon-list-icon\">\n\t\t\t\t\t\t\t<i aria-hidden=\"true\" class=\"fas fa-check\"><\/i>\t\t\t\t\t\t<\/span>\n\t\t\t\t\t\t\t\t\t\t<span class=\"elementor-icon-list-text\">H\u00f6ren von Ger\u00e4tebedienung, Befehlen, Gefahrenwarnungen dank akustischer Filter<\/span>\n\t\t\t\t\t\t\t\t\t<\/li>\n\t\t\t\t\t\t<\/ul>\n\t\t\t\t<\/div>\n\t\t\t\t<\/div>\n\t\t\t\t<div class=\"elementor-element elementor-element-710cd983 elementor-align-justify elementor-widget elementor-widget-button\" data-id=\"710cd983\" data-element_type=\"widget\" data-widget_type=\"button.default\">\n\t\t\t\t<div class=\"elementor-widget-container\">\n\t\t\t\t\t<div class=\"elementor-button-wrapper\">\n\t\t\t<a class=\"elementor-button elementor-button-link elementor-size-sm\" href=\"https:\/\/otispro.pl\/de\/otispro\/\">\n\t\t\t\t\t\t<span class=\"elementor-button-content-wrapper\">\n\t\t\t\t\t\t<span class=\"elementor-button-text\">Entdecken Sie den individuellen Geh\u00f6rschutz von OtisPro <\/span>\n\t\t<\/span>\n\t\t\t\t\t<\/a>\n\t\t<\/div>\n\t\t\t\t<\/div>\n\t\t\t\t<\/div>\n\t\t\t\t\t<\/div>\n\t\t\t\t<\/div>\n\t\t<div class=\"elementor-element elementor-element-54658fae e-flex e-con-boxed e-con e-parent\" data-id=\"54658fae\" data-element_type=\"container\" data-settings=\"{&quot;content_width&quot;:&quot;boxed&quot;}\" data-core-v316-plus=\"true\">\n\t\t\t\t\t<div class=\"e-con-inner\">\n\t\t\t\t<div class=\"elementor-element elementor-element-20071a29 elementor-widget elementor-widget-heading\" data-id=\"20071a29\" data-element_type=\"widget\" data-widget_type=\"heading.default\">\n\t\t\t\t<div class=\"elementor-widget-container\">\n\t\t\t<h3 class=\"elementor-heading-title elementor-size-default\">KOMMUNIKATION MIT DEM WEITEREN UMFELD<\/h3>\t\t<\/div>\n\t\t\t\t<\/div>\n\t\t\t\t<div class=\"elementor-element elementor-element-46771b79 elementor-icon-list--layout-traditional elementor-list-item-link-full_width elementor-widget elementor-widget-icon-list\" data-id=\"46771b79\" data-element_type=\"widget\" data-widget_type=\"icon-list.default\">\n\t\t\t\t<div class=\"elementor-widget-container\">\n\t\t\t\t\t<ul class=\"elementor-icon-list-items\">\n\t\t\t\t\t\t\t<li class=\"elementor-icon-list-item\">\n\t\t\t\t\t\t\t\t\t\t\t<span class=\"elementor-icon-list-icon\">\n\t\t\t\t\t\t\t<i aria-hidden=\"true\" class=\"fas fa-check\"><\/i>\t\t\t\t\t\t<\/span>\n\t\t\t\t\t\t\t\t\t\t<span class=\"elementor-icon-list-text\">Gespr\u00e4che \u00fcber gr\u00f6\u00dfere Entfernungen<\/span>\n\t\t\t\t\t\t\t\t\t<\/li>\n\t\t\t\t\t\t\t\t<li class=\"elementor-icon-list-item\">\n\t\t\t\t\t\t\t\t\t\t\t<span class=\"elementor-icon-list-icon\">\n\t\t\t\t\t\t\t<i aria-hidden=\"true\" class=\"fas fa-check\"><\/i>\t\t\t\t\t\t<\/span>\n\t\t\t\t\t\t\t\t\t\t<span class=\"elementor-icon-list-text\">Empfang von Durchsagen, Alarmsignalen \u2192 dank des eingebauten Lautsprechers, der \u00fcber ein robustes Kabel an den in Ihrem Unternehmen verwendeten Telefon- oder Radioanschluss angeschlossen wird <\/span>\n\t\t\t\t\t\t\t\t\t<\/li>\n\t\t\t\t\t\t<\/ul>\n\t\t\t\t<\/div>\n\t\t\t\t<\/div>\n\t\t\t\t\t<\/div>\n\t\t\t\t<\/div>\n\t\t\t\t\t<\/div>\n\t\t\t\t<\/div>\n\t\t\t\t\t<\/div>\n\t\t\t\t<\/div>\n\t\t\t\t<section class=\"elementor-section elementor-top-section elementor-element elementor-element-300c1aad elementor-section-boxed elementor-section-height-default elementor-section-height-default\" data-id=\"300c1aad\" data-element_type=\"section\" data-settings=\"{&quot;background_background&quot;:&quot;classic&quot;}\">\n\t\t\t\t\t\t<div class=\"elementor-container elementor-column-gap-default\">\n\t\t\t\t\t<div class=\"elementor-column elementor-col-100 elementor-top-column elementor-element elementor-element-14ffea3a\" data-id=\"14ffea3a\" data-element_type=\"column\">\n\t\t\t<div class=\"elementor-widget-wrap elementor-element-populated\">\n\t\t\t\t\t\t\t\t<div class=\"elementor-element elementor-element-15ab4678 elementor-widget elementor-widget-about\" data-id=\"15ab4678\" data-element_type=\"widget\" data-widget_type=\"about.default\">\n\t\t\t\t<div class=\"elementor-widget-container\">\n\t\t\t\r\n\r\n<section class=\"about-area tp-box-space ele-section\" >\r\n    <div class=\"about-wrapper\">\r\n        <div class=\"container\">\r\n            <div class=\"row\">\r\n            <div class=\"col-xl-6 col-lg-12 col-12\">\r\n                <div class=\"about-thumb text-lg-center p-relative ml-85 mb-60 wow fadeInLeft\" data-wow-delay=\".3s\">\r\n                                            <img decoding=\"async\" src=\"https:\/\/otispro.pl\/wp-content\/uploads\/2023\/08\/kontvur.png\" alt=\"\">\r\n                        \r\n                    \r\n                                            <div class=\"about-thumb-shape d-none d-md-block\">\r\n                            <img decoding=\"async\" src=\"https:\/\/otispro.pl\/wp-content\/uploads\/2023\/07\/about-bg-03.png\" alt=\"\">\r\n                        <\/div>\r\n                                        <\/div>\r\n            <\/div>\r\n            <div class=\"col-xl-6 col-lg-12 col-12\">\r\n                <div class=\"about-content ml-60 mb-60 wow fadeInRight\" data-wow-delay=\".3s\">\r\n                                        <div class=\"tp-section\">\r\n                                                    <span class=\"tp-section__sub-title left-line mb-25 ele-subtitle\">\r\n                                Warto wiedzie\u0107                            <\/span>\r\n                                                <h3 class=\"tp-section__title mb-45 ele-title\">Produkcja system\u00f3w odbywa si\u0119 w naszym laboratorium w Polsce<\/h3>                                                    <i class=\"ele-quote-content\">co zapewnia kr\u00f3tkie terminy wykonania, oraz szybk\u0105 reakcj\u0119 na potrzeby. <\/i>\r\n                                                                    <\/div>\r\n                    \r\n                                            <div class=\"about-content__btn\">\r\n                                                            <a href=\"https:\/\/otispro.pl\/kontakt\/\" target=\"_self\" rel=\"nofollow\" class=\"tp-btn ele-button\">\r\n                                    Kontakt                                <\/a>\r\n                                                    <\/div>\r\n                                    <\/div>\r\n            <\/div>\r\n            <\/div>\r\n        <\/div>\r\n    <\/div>\r\n<\/section>\r\n\r\n\t\t<\/div>\n\t\t\t\t<\/div>\n\t\t\t\t<div class=\"elementor-element elementor-element-38e0f36d elementor-widget elementor-widget-tp-cta\" data-id=\"38e0f36d\" data-element_type=\"widget\" data-widget_type=\"tp-cta.default\">\n\t\t\t\t<div class=\"elementor-widget-container\">\n\t\t\t\r\n\r\n<div class=\"container ele-section\">\r\n    <div class=\"tp-cta-bg p-relative\">\r\n        <div class=\"cta-content ml-90\">\r\n            <div class=\"tp-section\">\r\n                                <span class=\"tp-section__sub-title sub-title-white left-line-white mb-20 ele-subtitle\">\r\n                    Zapytaj nas o mo\u017cliwo\u015b\u0107 obni\u017cenia koszt\u00f3w! <\/span>\r\n                            <\/div>\r\n            <h2 class=\"cta-title mb-30 ele-title\">Potrzebujesz s\u0142uchawek indywidualnych<\/br> dla pracownik\u00f3w bez filtra akustycznego<\/br> albo z kablem na sta\u0142e zatopionym we wk\u0142adce? <\/h2>                        <div class=\"cta-btn\">\r\n                <button>\r\n                    <a href=\"mailto:biuro@otispro.pl\" target=\"_blank\" rel=\"nofollow\" class=\"tp-btn-second ele-button\">\r\n                        NAPISZ: biuro@otispro.pl                    <\/a>\r\n                <\/button>\r\n            <\/div>\r\n                                <\/div>\r\n    <\/div>\r\n<\/div>\r\n\r\n\r\n\t\t<\/div>\n\t\t\t\t<\/div>\n\t\t\t\t\t<\/div>\n\t\t<\/div>\n\t\t\t\t\t\t\t<\/div>\n\t\t<\/section>\n\t\t\t\t\t\t\t<\/div>\n\t\t","protected":false},"excerpt":{"rendered":"<p>3in1 &#8211; Geh\u00f6rschutz plus Kommunikation mit nahen und fernen Umgebungen OtisPro Com Stellen Sie sich eine lange Fertigungsstra\u00dfe vor. Es ist rundherum sehr laut, aber die Mitarbeiter st\u00f6rt der L\u00e4rm nicht. Sie k\u00f6nnen die Anweisungen und Alarmsignale ihrer Kollegen gut h\u00f6ren und mit dem Personal am anderen Ende der Leitung sprechen. Ohne zus\u00e4tzliche Ger\u00e4te in [&hellip;]<\/p>\n","protected":false},"author":1,"featured_media":0,"parent":0,"menu_order":0,"comment_status":"closed","ping_status":"closed","template":"page-left-menu.php","meta":{"_seopress_robots_primary_cat":"","footnotes":""},"acf":[],"_links":{"self":[{"href":"https:\/\/otispro.pl\/de\/wp-json\/wp\/v2\/pages\/2767"}],"collection":[{"href":"https:\/\/otispro.pl\/de\/wp-json\/wp\/v2\/pages"}],"about":[{"href":"https:\/\/otispro.pl\/de\/wp-json\/wp\/v2\/types\/page"}],"author":[{"embeddable":true,"href":"https:\/\/otispro.pl\/de\/wp-json\/wp\/v2\/users\/1"}],"replies":[{"embeddable":true,"href":"https:\/\/otispro.pl\/de\/wp-json\/wp\/v2\/comments?post=2767"}],"version-history":[{"count":3,"href":"https:\/\/otispro.pl\/de\/wp-json\/wp\/v2\/pages\/2767\/revisions"}],"predecessor-version":[{"id":2770,"href":"https:\/\/otispro.pl\/de\/wp-json\/wp\/v2\/pages\/2767\/revisions\/2770"}],"wp:attachment":[{"href":"https:\/\/otispro.pl\/de\/wp-json\/wp\/v2\/media?parent=2767"}],"curies":[{"name":"wp","href":"https:\/\/api.w.org\/{rel}","templated":true}]}}