{"id":2763,"date":"2023-07-26T06:59:35","date_gmt":"2023-07-26T06:59:35","guid":{"rendered":"https:\/\/otispro.pl\/korrekte-arbeitsbrille\/"},"modified":"2023-09-19T12:48:54","modified_gmt":"2023-09-19T12:48:54","slug":"korrekte-arbeitsbrille","status":"publish","type":"page","link":"https:\/\/otispro.pl\/de\/korrekte-arbeitsbrille\/","title":{"rendered":"Korrekte Arbeitsbrille"},"content":{"rendered":"\t\t<div data-elementor-type=\"wp-page\" data-elementor-id=\"2763\" class=\"elementor elementor-2763 elementor-1894\" data-elementor-post-type=\"page\">\n\t\t\t\t\t\t\t<div class=\"elementor-element elementor-element-1b331820 e-con-full e-flex e-con e-parent\" data-id=\"1b331820\" data-element_type=\"container\" data-settings=\"{&quot;content_width&quot;:&quot;full&quot;}\" data-core-v316-plus=\"true\">\n\t\t<div class=\"elementor-element elementor-element-5cf594c1 e-con-full e-flex e-con e-child\" data-id=\"5cf594c1\" data-element_type=\"container\" data-settings=\"{&quot;content_width&quot;:&quot;full&quot;}\">\n\t\t<div class=\"elementor-element elementor-element-7c2617d e-con-full e-flex e-con e-child\" data-id=\"7c2617d\" data-element_type=\"container\" data-settings=\"{&quot;content_width&quot;:&quot;full&quot;}\">\n\t\t\t\t<div class=\"elementor-element elementor-element-43d1883 elementor-widget elementor-widget-tp-heading\" data-id=\"43d1883\" data-element_type=\"widget\" data-widget_type=\"tp-heading.default\">\n\t\t\t\t<div class=\"elementor-widget-container\">\n\t\t\t\r\n\t\t\r\n                    <div class=\"tp-section\">\r\n                                <span class=\"tp-section__sub-title left-line right-line mb-25 tp-el-subtitle\">\r\n                    Korrekte Arbeitsbrille                 <\/span>\r\n                                <h2 class=\"tp-section__title tp-el-title mb-70\">Korrektive Arbeitsbrille. Gutes Sehen und Schutz der Augen des Arbeiters in einem <\/h2>                            <\/div>\r\n        \r\n        \r\n        \t\t<\/div>\n\t\t\t\t<\/div>\n\t\t\t\t<div class=\"elementor-element elementor-element-7b035ea5 elementor-widget elementor-widget-text-editor\" data-id=\"7b035ea5\" data-element_type=\"widget\" data-widget_type=\"text-editor.default\">\n\t\t\t\t<div class=\"elementor-widget-container\">\n\t\t\t<style>\/*! elementor - v3.16.0 - 14-09-2023 *\/\n.elementor-widget-text-editor.elementor-drop-cap-view-stacked .elementor-drop-cap{background-color:#69727d;color:#fff}.elementor-widget-text-editor.elementor-drop-cap-view-framed .elementor-drop-cap{color:#69727d;border:3px solid;background-color:transparent}.elementor-widget-text-editor:not(.elementor-drop-cap-view-default) .elementor-drop-cap{margin-top:8px}.elementor-widget-text-editor:not(.elementor-drop-cap-view-default) .elementor-drop-cap-letter{width:1em;height:1em}.elementor-widget-text-editor .elementor-drop-cap{float:left;text-align:center;line-height:1;font-size:50px}.elementor-widget-text-editor .elementor-drop-cap-letter{display:inline-block}<\/style>\t\t\t\t<p>Ihre Mitarbeiter tragen eine Korrektionsbrille, m\u00fcssen aber aufgrund ihrer T\u00e4tigkeit auch eine Schutzbrille tragen? Sehen Sie, warum eine korrigierende Arbeitsbrille die beste L\u00f6sung ist! <\/p>\n<p>Korrektive Schutzbrillen erf\u00fcllen zwei Funktionen: <strong>Sie sorgen f\u00fcr gutes Sehen<\/strong> &#8211; dank ihrer Korrekturgl\u00e4ser &#8211; und <strong>sie sch\u00fctzen die Augen des Arbeitnehmers<\/strong> in einer rauen Arbeitsumgebung &#8211; dank ihrer Widerstandsf\u00e4higkeit gegen Sch\u00e4den.<\/p>\n\t\t\t\t\t\t<\/div>\n\t\t\t\t<\/div>\n\t\t\t\t<\/div>\n\t\t\t\t<\/div>\n\t\t<div class=\"elementor-element elementor-element-367aca9f e-con-full e-flex e-con e-child\" data-id=\"367aca9f\" data-element_type=\"container\" data-settings=\"{&quot;content_width&quot;:&quot;full&quot;,&quot;background_background&quot;:&quot;classic&quot;}\">\n\t\t\t\t<\/div>\n\t\t\t\t<\/div>\n\t\t\t\t<section class=\"elementor-section elementor-top-section elementor-element elementor-element-300c1aad elementor-section-boxed elementor-section-height-default elementor-section-height-default\" data-id=\"300c1aad\" data-element_type=\"section\" data-settings=\"{&quot;background_background&quot;:&quot;classic&quot;}\">\n\t\t\t\t\t\t<div class=\"elementor-container elementor-column-gap-default\">\n\t\t\t\t\t<div class=\"elementor-column elementor-col-100 elementor-top-column elementor-element elementor-element-14ffea3a\" data-id=\"14ffea3a\" data-element_type=\"column\">\n\t\t\t<div class=\"elementor-widget-wrap elementor-element-populated\">\n\t\t\t\t\t\t\t\t<div class=\"elementor-element elementor-element-15ab4678 elementor-widget elementor-widget-about\" data-id=\"15ab4678\" data-element_type=\"widget\" data-widget_type=\"about.default\">\n\t\t\t\t<div class=\"elementor-widget-container\">\n\t\t\t\r\n\r\n<section id=\"tp-about-scroll\" class=\"about-area ele-section\">\r\n    <div class=\"container\">\r\n        <div class=\"row\">\r\n            <div class=\"col-xl-6 col-lg-12\">\r\n            <div class=\"about__thumb mb-60 wow fadeInLeft\" data-wow-delay=\".4s\">\r\n                                    <div class=\"about__img\">\r\n                        <img decoding=\"async\" src=\"https:\/\/otispro.pl\/wp-content\/uploads\/2023\/07\/okularu-ochronne-korekcyjne-PhotoRoom.png-PhotoRoom.png\" alt=\"\">\r\n                        <div class=\"about__exprience ele-experience-style\">\r\n                                                                    <\/div>\r\n                    <\/div>\r\n                            <\/div>\r\n            <\/div>\r\n            <div class=\"col-xl-6 col-lg-12\">\r\n            <div class=\"tp-about__content pt-125 ml-60 mb-50 wow fadeInRight\" data-wow-delay=\".4s\"  >\r\n                                <div class=\"tp-section\">\r\n                                            <span class=\"tp-section__sub-title left-line mb-25 ele-subtitle\">\r\n                            Gut zu wissen                        <\/span>\r\n                                        <h3 class=\"tp-section__title tp-ab-sm-title mb-45 ele-title\">Wann sollte man eine Korrektionsbrille tragen?<\/h3>                                            <i class=\"ele-quote-content\">Es ist unm\u00f6glich, alle Orte aufzuz\u00e4hlen, an denen Arbeitsbrillen, einschlie\u00dflich Brillen mit Sehst\u00e4rke, n\u00fctzlich sind, aber unserer Erfahrung nach werden Schutzbrillen am h\u00e4ufigsten in folgenden Bereichen eingesetzt: Industrieanlagen, Bearbeitungszentren, Werkst\u00e4tten, Bauunternehmen, Schreinereien und Labors.<\/i>\r\n                                                                <p class=\" mr-20 mb-45 ele-content\">F\u00fcr sehbehinderte Arbeitnehmer, die u. a. einer Gef\u00e4hrdung ausgesetzt sind, wird die Verwendung einer Schutzbrille mit Korrektur empfohlen: \n<\/p>\r\n                                    <\/div>\r\n                                <div class=\"tp-about__info-list mb-55\">\r\n                    <ul>\r\n                                                <li class=\"ele-feature-content\">\r\n                                                                                                <i aria-hidden=\"true\" class=\"fas fa-star\"><\/i>                                                                                        Splitter, Sp\u00e4ne, Feilsp\u00e4ne, Funken bei der Arbeit mit Materialien                        <\/li>\r\n                                                <li class=\"ele-feature-content\">\r\n                                                                                                <i aria-hidden=\"true\" class=\"fas fa-star\"><\/i>                                                                                        Laser-Aktion                        <\/li>\r\n                                                <li class=\"ele-feature-content\">\r\n                                                                                                <i aria-hidden=\"true\" class=\"fas fa-star\"><\/i>                                                                                        gef\u00e4hrliche Stoffe                        <\/li>\r\n                                                <li class=\"ele-feature-content\">\r\n                                                                                                <i aria-hidden=\"true\" class=\"fas fa-star\"><\/i>                                                                                        starke Sonneneinstrahlung                         <\/li>\r\n                                                <li class=\"ele-feature-content\">\r\n                                                                                                <i aria-hidden=\"true\" class=\"fas fa-star\"><\/i>                                                                                        intensive UV-Strahlung                        <\/li>\r\n                                            <\/ul>\r\n                <\/div>\r\n                            <\/div>\r\n            <\/div>\r\n        <\/div>\r\n    <\/div>\r\n<\/section>\r\n\r\n\t\t<\/div>\n\t\t\t\t<\/div>\n\t\t\t\t\t<\/div>\n\t\t<\/div>\n\t\t\t\t\t\t\t<\/div>\n\t\t<\/section>\n\t\t<div class=\"elementor-element elementor-element-49f964e5 e-flex e-con-boxed e-con e-parent\" data-id=\"49f964e5\" data-element_type=\"container\" data-settings=\"{&quot;background_background&quot;:&quot;classic&quot;,&quot;content_width&quot;:&quot;boxed&quot;}\" data-core-v316-plus=\"true\">\n\t\t\t\t\t<div class=\"e-con-inner\">\n\t\t<div class=\"elementor-element elementor-element-17d69d9c e-flex e-con-boxed e-con e-child\" data-id=\"17d69d9c\" data-element_type=\"container\" data-settings=\"{&quot;content_width&quot;:&quot;boxed&quot;}\">\n\t\t\t\t\t<div class=\"e-con-inner\">\n\t\t\t\t<div class=\"elementor-element elementor-element-1beefd8 elementor-widget elementor-widget-tp-heading\" data-id=\"1beefd8\" data-element_type=\"widget\" data-widget_type=\"tp-heading.default\">\n\t\t\t\t<div class=\"elementor-widget-container\">\n\t\t\t\r\n\t\t\r\n                    <div class=\"tp-section\">\r\n                                <span class=\"tp-section__sub-title left-line right-line mb-25 tp-el-subtitle\">\r\n                    Warum ist es das wert?                <\/span>\r\n                                <h2 class=\"tp-section__title tp-el-title mb-70\">Vorteile der Otis-Korrektionsbrille:<\/h2>                            <\/div>\r\n        \r\n        \r\n        \t\t<\/div>\n\t\t\t\t<\/div>\n\t\t\t\t\t<\/div>\n\t\t\t\t<\/div>\n\t\t<div class=\"elementor-element elementor-element-33058585 e-flex e-con-boxed e-con e-child\" data-id=\"33058585\" data-element_type=\"container\" data-settings=\"{&quot;content_width&quot;:&quot;boxed&quot;}\">\n\t\t\t\t\t<div class=\"e-con-inner\">\n\t\t<div class=\"elementor-element elementor-element-319900e7 e-flex e-con-boxed e-con e-child\" data-id=\"319900e7\" data-element_type=\"container\" data-settings=\"{&quot;background_background&quot;:&quot;classic&quot;,&quot;content_width&quot;:&quot;boxed&quot;}\">\n\t\t\t\t\t<div class=\"e-con-inner\">\n\t\t\t\t<div class=\"elementor-element elementor-element-e737e41 elementor-view-default elementor-position-top elementor-mobile-position-top elementor-widget elementor-widget-icon-box\" data-id=\"e737e41\" data-element_type=\"widget\" data-widget_type=\"icon-box.default\">\n\t\t\t\t<div class=\"elementor-widget-container\">\n\t\t\t<link rel=\"stylesheet\" href=\"http:\/\/otispro.pl\/wp-content\/plugins\/elementor\/assets\/css\/widget-icon-box.min.css\">\t\t<div class=\"elementor-icon-box-wrapper\">\n\t\t\t\t\t\t<div class=\"elementor-icon-box-icon\">\n\t\t\t\t<span  class=\"elementor-icon elementor-animation-\">\n\t\t\t\t<i aria-hidden=\"true\" class=\"fas fa-star\"><\/i>\t\t\t\t<\/span>\n\t\t\t<\/div>\n\t\t\t\t\t\t<div class=\"elementor-icon-box-content\">\n\t\t\t\t<h4 class=\"elementor-icon-box-title\">\n\t\t\t\t\t<span  >\n\t\t\t\t\t\tGROSSES SICHTFELD\t\t\t\t\t<\/span>\n\t\t\t\t<\/h4>\n\t\t\t\t\t\t\t\t\t<p class=\"elementor-icon-box-description\">\n\t\t\t\t\t\tdeckt das gesamte Auge ab und bietet ein uneingeschr\u00e4nktes Sichtfeld, einschlie\u00dflich der seitlichen Sicht\t\t\t\t\t<\/p>\n\t\t\t\t\t\t\t<\/div>\n\t\t<\/div>\n\t\t\t\t<\/div>\n\t\t\t\t<\/div>\n\t\t\t\t\t<\/div>\n\t\t\t\t<\/div>\n\t\t<div class=\"elementor-element elementor-element-734d77d e-flex e-con-boxed e-con e-child\" data-id=\"734d77d\" data-element_type=\"container\" data-settings=\"{&quot;background_background&quot;:&quot;classic&quot;,&quot;content_width&quot;:&quot;boxed&quot;}\">\n\t\t\t\t\t<div class=\"e-con-inner\">\n\t\t\t\t<div class=\"elementor-element elementor-element-5b0d5c3 elementor-view-default elementor-position-top elementor-mobile-position-top elementor-widget elementor-widget-icon-box\" data-id=\"5b0d5c3\" data-element_type=\"widget\" data-widget_type=\"icon-box.default\">\n\t\t\t\t<div class=\"elementor-widget-container\">\n\t\t\t\t\t<div class=\"elementor-icon-box-wrapper\">\n\t\t\t\t\t\t<div class=\"elementor-icon-box-icon\">\n\t\t\t\t<span  class=\"elementor-icon elementor-animation-\">\n\t\t\t\t<i aria-hidden=\"true\" class=\"fas fa-star\"><\/i>\t\t\t\t<\/span>\n\t\t\t<\/div>\n\t\t\t\t\t\t<div class=\"elementor-icon-box-content\">\n\t\t\t\t<h4 class=\"elementor-icon-box-title\">\n\t\t\t\t\t<span  >\n\t\t\t\t\t\tH\u00d6CHSTER SCHUTZ\t\t\t\t\t<\/span>\n\t\t\t\t<\/h4>\n\t\t\t\t\t\t\t\t\t<p class=\"elementor-icon-box-description\">\n\t\t\t\t\t\tkratz-, besch\u00e4digungs- und chemikalienbest\u00e4ndig\t\t\t\t\t<\/p>\n\t\t\t\t\t\t\t<\/div>\n\t\t<\/div>\n\t\t\t\t<\/div>\n\t\t\t\t<\/div>\n\t\t\t\t\t<\/div>\n\t\t\t\t<\/div>\n\t\t<div class=\"elementor-element elementor-element-aac1176 e-flex e-con-boxed e-con e-child\" data-id=\"aac1176\" data-element_type=\"container\" data-settings=\"{&quot;background_background&quot;:&quot;classic&quot;,&quot;content_width&quot;:&quot;boxed&quot;}\">\n\t\t\t\t\t<div class=\"e-con-inner\">\n\t\t\t\t<div class=\"elementor-element elementor-element-73b860e elementor-view-default elementor-position-top elementor-mobile-position-top elementor-widget elementor-widget-icon-box\" data-id=\"73b860e\" data-element_type=\"widget\" data-widget_type=\"icon-box.default\">\n\t\t\t\t<div class=\"elementor-widget-container\">\n\t\t\t\t\t<div class=\"elementor-icon-box-wrapper\">\n\t\t\t\t\t\t<div class=\"elementor-icon-box-icon\">\n\t\t\t\t<span  class=\"elementor-icon elementor-animation-\">\n\t\t\t\t<i aria-hidden=\"true\" class=\"fas fa-star\"><\/i>\t\t\t\t<\/span>\n\t\t\t<\/div>\n\t\t\t\t\t\t<div class=\"elementor-icon-box-content\">\n\t\t\t\t<h4 class=\"elementor-icon-box-title\">\n\t\t\t\t\t<span  >\n\t\t\t\t\t\tGROSSE AUSWAHL\t\t\t\t\t<\/span>\n\t\t\t\t<\/h4>\n\t\t\t\t\t\t\t\t\t<p class=\"elementor-icon-box-description\">\n\t\t\t\t\t\tin verschiedenen Gr\u00f6\u00dfen erh\u00e4ltlich - die Mitarbeiter k\u00f6nnen sie an ihre Bed\u00fcrfnisse anpassen, um bequem arbeiten zu k\u00f6nnen\t\t\t\t\t<\/p>\n\t\t\t\t\t\t\t<\/div>\n\t\t<\/div>\n\t\t\t\t<\/div>\n\t\t\t\t<\/div>\n\t\t\t\t\t<\/div>\n\t\t\t\t<\/div>\n\t\t\t\t\t<\/div>\n\t\t\t\t<\/div>\n\t\t<div class=\"elementor-element elementor-element-22f047b e-flex e-con-boxed e-con e-child\" data-id=\"22f047b\" data-element_type=\"container\" data-settings=\"{&quot;content_width&quot;:&quot;boxed&quot;}\">\n\t\t\t\t\t<div class=\"e-con-inner\">\n\t\t\t\t<div class=\"elementor-element elementor-element-98f60d8 elementor-widget elementor-widget-heading\" data-id=\"98f60d8\" data-element_type=\"widget\" data-widget_type=\"heading.default\">\n\t\t\t\t<div class=\"elementor-widget-container\">\n\t\t\t<style>\/*! elementor - v3.16.0 - 14-09-2023 *\/\n.elementor-heading-title{padding:0;margin:0;line-height:1}.elementor-widget-heading .elementor-heading-title[class*=elementor-size-]>a{color:inherit;font-size:inherit;line-height:inherit}.elementor-widget-heading .elementor-heading-title.elementor-size-small{font-size:15px}.elementor-widget-heading .elementor-heading-title.elementor-size-medium{font-size:19px}.elementor-widget-heading .elementor-heading-title.elementor-size-large{font-size:29px}.elementor-widget-heading .elementor-heading-title.elementor-size-xl{font-size:39px}.elementor-widget-heading .elementor-heading-title.elementor-size-xxl{font-size:59px}<\/style><h3 class=\"elementor-heading-title elementor-size-default\">ANDERE SIND:<\/h3>\t\t<\/div>\n\t\t\t\t<\/div>\n\t\t\t\t\t<\/div>\n\t\t\t\t<\/div>\n\t\t<div class=\"elementor-element elementor-element-2b24474 e-flex e-con-boxed e-con e-child\" data-id=\"2b24474\" data-element_type=\"container\" data-settings=\"{&quot;content_width&quot;:&quot;boxed&quot;}\">\n\t\t\t\t\t<div class=\"e-con-inner\">\n\t\t<div class=\"elementor-element elementor-element-3e1144b e-flex e-con-boxed e-con e-child\" data-id=\"3e1144b\" data-element_type=\"container\" data-settings=\"{&quot;content_width&quot;:&quot;boxed&quot;}\">\n\t\t\t\t\t<div class=\"e-con-inner\">\n\t\t\t\t<div class=\"elementor-element elementor-element-d904639 elementor-view-default elementor-position-top elementor-mobile-position-top elementor-widget elementor-widget-icon-box\" data-id=\"d904639\" data-element_type=\"widget\" data-widget_type=\"icon-box.default\">\n\t\t\t\t<div class=\"elementor-widget-container\">\n\t\t\t\t\t<div class=\"elementor-icon-box-wrapper\">\n\t\t\t\t\t\t<div class=\"elementor-icon-box-icon\">\n\t\t\t\t<span  class=\"elementor-icon elementor-animation-\">\n\t\t\t\t<i aria-hidden=\"true\" class=\"fal fa-check\"><\/i>\t\t\t\t<\/span>\n\t\t\t<\/div>\n\t\t\t\t\t\t<div class=\"elementor-icon-box-content\">\n\t\t\t\t<h4 class=\"elementor-icon-box-title\">\n\t\t\t\t\t<span  >\n\t\t\t\t\t\tKOMFORTABEL\t\t\t\t\t<\/span>\n\t\t\t\t<\/h4>\n\t\t\t\t\t\t\t\t\t<p class=\"elementor-icon-box-description\">\n\t\t\t\t\t\tder Arbeitnehmer muss nicht st\u00e4ndig eine verrutschte Brille korrigieren und sich von der Arbeit ablenken \t\t\t\t\t<\/p>\n\t\t\t\t\t\t\t<\/div>\n\t\t<\/div>\n\t\t\t\t<\/div>\n\t\t\t\t<\/div>\n\t\t\t\t\t<\/div>\n\t\t\t\t<\/div>\n\t\t<div class=\"elementor-element elementor-element-f0a57c2 e-flex e-con-boxed e-con e-child\" data-id=\"f0a57c2\" data-element_type=\"container\" data-settings=\"{&quot;content_width&quot;:&quot;boxed&quot;}\">\n\t\t\t\t\t<div class=\"e-con-inner\">\n\t\t\t\t<div class=\"elementor-element elementor-element-16e8f07 elementor-view-default elementor-position-top elementor-mobile-position-top elementor-widget elementor-widget-icon-box\" data-id=\"16e8f07\" data-element_type=\"widget\" data-widget_type=\"icon-box.default\">\n\t\t\t\t<div class=\"elementor-widget-container\">\n\t\t\t\t\t<div class=\"elementor-icon-box-wrapper\">\n\t\t\t\t\t\t<div class=\"elementor-icon-box-icon\">\n\t\t\t\t<span  class=\"elementor-icon elementor-animation-\">\n\t\t\t\t<i aria-hidden=\"true\" class=\"fal fa-check\"><\/i>\t\t\t\t<\/span>\n\t\t\t<\/div>\n\t\t\t\t\t\t<div class=\"elementor-icon-box-content\">\n\t\t\t\t<h4 class=\"elementor-icon-box-title\">\n\t\t\t\t\t<span  >\n\t\t\t\t\t\tLICHT\t\t\t\t\t<\/span>\n\t\t\t\t<\/h4>\n\t\t\t\t\t\t\t\t\t<p class=\"elementor-icon-box-description\">\n\t\t\t\t\t\tkein Druck auf Nase, Schl\u00e4fen oder hinter den Ohren, d. h. keine Schmerzen und keine Ablenkung f\u00fcr den Arbeitnehmer\t\t\t\t\t<\/p>\n\t\t\t\t\t\t\t<\/div>\n\t\t<\/div>\n\t\t\t\t<\/div>\n\t\t\t\t<\/div>\n\t\t\t\t\t<\/div>\n\t\t\t\t<\/div>\n\t\t<div class=\"elementor-element elementor-element-c15d6e4 e-flex e-con-boxed e-con e-child\" data-id=\"c15d6e4\" data-element_type=\"container\" data-settings=\"{&quot;content_width&quot;:&quot;boxed&quot;}\">\n\t\t\t\t\t<div class=\"e-con-inner\">\n\t\t\t\t<div class=\"elementor-element elementor-element-9161448 elementor-view-default elementor-position-top elementor-mobile-position-top elementor-widget elementor-widget-icon-box\" data-id=\"9161448\" data-element_type=\"widget\" data-widget_type=\"icon-box.default\">\n\t\t\t\t<div class=\"elementor-widget-container\">\n\t\t\t\t\t<div class=\"elementor-icon-box-wrapper\">\n\t\t\t\t\t\t<div class=\"elementor-icon-box-icon\">\n\t\t\t\t<span  class=\"elementor-icon elementor-animation-\">\n\t\t\t\t<i aria-hidden=\"true\" class=\"fal fa-check\"><\/i>\t\t\t\t<\/span>\n\t\t\t<\/div>\n\t\t\t\t\t\t<div class=\"elementor-icon-box-content\">\n\t\t\t\t<h4 class=\"elementor-icon-box-title\">\n\t\t\t\t\t<span  >\n\t\t\t\t\t\tTHIN\t\t\t\t\t<\/span>\n\t\t\t\t<\/h4>\n\t\t\t\t\t\t\t\t\t<p class=\"elementor-icon-box-description\">\n\t\t\t\t\t\tSie k\u00f6nnen bequem in die N\u00e4he, in die Ferne und nach unten schauen - ohne Verzerrungen oder abgeschnittene Linien\t\t\t\t\t<\/p>\n\t\t\t\t\t\t\t<\/div>\n\t\t<\/div>\n\t\t\t\t<\/div>\n\t\t\t\t<\/div>\n\t\t\t\t\t<\/div>\n\t\t\t\t<\/div>\n\t\t\t\t\t<\/div>\n\t\t\t\t<\/div>\n\t\t\t\t\t<\/div>\n\t\t\t\t<\/div>\n\t\t<div class=\"elementor-element elementor-element-cb3f21a e-flex e-con-boxed e-con e-parent\" data-id=\"cb3f21a\" data-element_type=\"container\" data-settings=\"{&quot;content_width&quot;:&quot;boxed&quot;}\" data-core-v316-plus=\"true\">\n\t\t\t\t\t<div class=\"e-con-inner\">\n\t\t<div class=\"elementor-element elementor-element-5e454d5 e-con-full e-flex e-con e-child\" data-id=\"5e454d5\" data-element_type=\"container\" data-settings=\"{&quot;content_width&quot;:&quot;full&quot;}\">\n\t\t\t\t<div class=\"elementor-element elementor-element-845ada8 elementor-widget elementor-widget-heading\" data-id=\"845ada8\" data-element_type=\"widget\" data-widget_type=\"heading.default\">\n\t\t\t\t<div class=\"elementor-widget-container\">\n\t\t\t<h2 class=\"elementor-heading-title elementor-size-default\">Schutzbrillen geh\u00f6ren zu den wichtigsten pers\u00f6nlichen Schutzausr\u00fcstungen, die jeder Arbeitgeber seinen Mitarbeitern zur Verf\u00fcgung stellen muss. <\/h2>\t\t<\/div>\n\t\t\t\t<\/div>\n\t\t\t\t<div class=\"elementor-element elementor-element-18e2756 elementor-widget elementor-widget-text-editor\" data-id=\"18e2756\" data-element_type=\"widget\" data-widget_type=\"text-editor.default\">\n\t\t\t\t<div class=\"elementor-widget-container\">\n\t\t\t\t\t\t\t<p>Entscheiden Sie sich f\u00fcr maximale Sicherheit und bestellen Sie f\u00fcr sehbehinderte <strong>Arbeitnehmer eine korrigierende Arbeitsbrille.<\/strong><\/p>\n\t\t\t\t\t\t<\/div>\n\t\t\t\t<\/div>\n\t\t\t\t<div class=\"elementor-element elementor-element-41a3510 elementor-widget elementor-widget-heading\" data-id=\"41a3510\" data-element_type=\"widget\" data-widget_type=\"heading.default\">\n\t\t\t\t<div class=\"elementor-widget-container\">\n\t\t\t<h5 class=\"elementor-heading-title elementor-size-default\">Fordern Sie ein Angebot f\u00fcr Ihre Mitarbeiter an <\/h5>\t\t<\/div>\n\t\t\t\t<\/div>\n\t\t\t\t<div class=\"elementor-element elementor-element-a777994 elementor-widget elementor-widget-button\" data-id=\"a777994\" data-element_type=\"widget\" data-widget_type=\"button.default\">\n\t\t\t\t<div class=\"elementor-widget-container\">\n\t\t\t\t\t<div class=\"elementor-button-wrapper\">\n\t\t\t<a class=\"elementor-button elementor-button-link elementor-size-lg\" href=\"mailto:biuro@otispro.pl\">\n\t\t\t\t\t\t<span class=\"elementor-button-content-wrapper\">\n\t\t\t\t\t\t<span class=\"elementor-button-text\">Schreiben: BIURO@OTISPRO.PL<\/span>\n\t\t<\/span>\n\t\t\t\t\t<\/a>\n\t\t<\/div>\n\t\t\t\t<\/div>\n\t\t\t\t<\/div>\n\t\t\t\t<\/div>\n\t\t<div class=\"elementor-element elementor-element-3bce1f8 e-con-full e-flex e-con e-child\" data-id=\"3bce1f8\" data-element_type=\"container\" data-settings=\"{&quot;content_width&quot;:&quot;full&quot;}\">\n\t\t\t\t<div class=\"elementor-element elementor-element-8c3a06f elementor-widget elementor-widget-image\" data-id=\"8c3a06f\" data-element_type=\"widget\" data-widget_type=\"image.default\">\n\t\t\t\t<div class=\"elementor-widget-container\">\n\t\t\t<style>\/*! elementor - v3.16.0 - 14-09-2023 *\/\n.elementor-widget-image{text-align:center}.elementor-widget-image a{display:inline-block}.elementor-widget-image a img[src$=\".svg\"]{width:48px}.elementor-widget-image img{vertical-align:middle;display:inline-block}<\/style>\t\t\t\t\t\t\t\t\t\t\t\t<img decoding=\"async\" loading=\"lazy\" width=\"640\" height=\"640\" src=\"https:\/\/otispro.pl\/wp-content\/uploads\/2023\/07\/okulary-robocze-z-korekcja-01-PhotoRoom.png-PhotoRoom-1024x1024.png\" class=\"attachment-large size-large wp-image-1904\" alt=\"\" srcset=\"https:\/\/otispro.pl\/wp-content\/uploads\/2023\/07\/okulary-robocze-z-korekcja-01-PhotoRoom.png-PhotoRoom-1024x1024.png 1024w, https:\/\/otispro.pl\/wp-content\/uploads\/2023\/07\/okulary-robocze-z-korekcja-01-PhotoRoom.png-PhotoRoom-300x300.png 300w, https:\/\/otispro.pl\/wp-content\/uploads\/2023\/07\/okulary-robocze-z-korekcja-01-PhotoRoom.png-PhotoRoom-150x150.png 150w, https:\/\/otispro.pl\/wp-content\/uploads\/2023\/07\/okulary-robocze-z-korekcja-01-PhotoRoom.png-PhotoRoom-768x768.png 768w, https:\/\/otispro.pl\/wp-content\/uploads\/2023\/07\/okulary-robocze-z-korekcja-01-PhotoRoom.png-PhotoRoom.png 1280w\" sizes=\"(max-width: 640px) 100vw, 640px\" \/>\t\t\t\t\t\t\t\t\t\t\t\t\t\t\t<\/div>\n\t\t\t\t<\/div>\n\t\t\t\t<\/div>\n\t\t\t\t\t<\/div>\n\t\t\t\t<\/div>\n\t\t\t\t\t\t\t<\/div>\n\t\t","protected":false},"excerpt":{"rendered":"<p>Korrekte Arbeitsbrille Korrektive Arbeitsbrille. Gutes Sehen und Schutz der Augen des Arbeiters in einem Ihre Mitarbeiter tragen eine Korrektionsbrille, m\u00fcssen aber aufgrund ihrer T\u00e4tigkeit auch eine Schutzbrille tragen? Sehen Sie, warum eine korrigierende Arbeitsbrille die beste L\u00f6sung ist! Korrektive Schutzbrillen erf\u00fcllen zwei Funktionen: Sie sorgen f\u00fcr gutes Sehen &#8211; dank ihrer Korrekturgl\u00e4ser &#8211; und sie [&hellip;]<\/p>\n","protected":false},"author":1,"featured_media":0,"parent":0,"menu_order":0,"comment_status":"closed","ping_status":"closed","template":"page-left-menu.php","meta":{"_seopress_robots_primary_cat":"","footnotes":""},"acf":[],"_links":{"self":[{"href":"https:\/\/otispro.pl\/de\/wp-json\/wp\/v2\/pages\/2763"}],"collection":[{"href":"https:\/\/otispro.pl\/de\/wp-json\/wp\/v2\/pages"}],"about":[{"href":"https:\/\/otispro.pl\/de\/wp-json\/wp\/v2\/types\/page"}],"author":[{"embeddable":true,"href":"https:\/\/otispro.pl\/de\/wp-json\/wp\/v2\/users\/1"}],"replies":[{"embeddable":true,"href":"https:\/\/otispro.pl\/de\/wp-json\/wp\/v2\/comments?post=2763"}],"version-history":[{"count":4,"href":"https:\/\/otispro.pl\/de\/wp-json\/wp\/v2\/pages\/2763\/revisions"}],"predecessor-version":[{"id":2789,"href":"https:\/\/otispro.pl\/de\/wp-json\/wp\/v2\/pages\/2763\/revisions\/2789"}],"wp:attachment":[{"href":"https:\/\/otispro.pl\/de\/wp-json\/wp\/v2\/media?parent=2763"}],"curies":[{"name":"wp","href":"https:\/\/api.w.org\/{rel}","templated":true}]}}