{"id":2757,"date":"2023-07-20T08:30:51","date_gmt":"2023-07-20T08:30:51","guid":{"rendered":"https:\/\/otispro.pl\/kontakt\/"},"modified":"2023-09-19T12:33:08","modified_gmt":"2023-09-19T12:33:08","slug":"kontakt","status":"publish","type":"page","link":"https:\/\/otispro.pl\/de\/kontakt\/","title":{"rendered":"Kontakt"},"content":{"rendered":"\t\t<div data-elementor-type=\"wp-page\" data-elementor-id=\"2757\" class=\"elementor elementor-2757 elementor-1678\" data-elementor-post-type=\"page\">\n\t\t\t\t\t\t\t\t\t<section class=\"elementor-section elementor-top-section elementor-element elementor-element-4343c9c5 elementor-section-boxed elementor-section-height-default elementor-section-height-default\" data-id=\"4343c9c5\" data-element_type=\"section\">\n\t\t\t\t\t\t<div class=\"elementor-container elementor-column-gap-default\">\n\t\t\t\t\t<div class=\"elementor-column elementor-col-33 elementor-top-column elementor-element elementor-element-14b08f94\" data-id=\"14b08f94\" data-element_type=\"column\">\n\t\t\t<div class=\"elementor-widget-wrap elementor-element-populated\">\n\t\t\t\t\t\t\t\t<div class=\"elementor-element elementor-element-216e09b elementor-widget elementor-widget-contact-info-box\" data-id=\"216e09b\" data-element_type=\"widget\" data-widget_type=\"contact-info-box.default\">\n\t\t\t\t<div class=\"elementor-widget-container\">\n\t\t\t\r\n                <div class=\"tpcontact mr-60 mb-60 wow fadeInUp ele-section\" data-wow-delay=\".2s\">\r\n            <div class=\"tpcontact__item text-center\">\r\n                <div class=\"tpcontact__icon mb-20\">\r\n                                        <span class=\"fea__icon ele-feature-icon\">\r\n                                                        <img decoding=\"async\" class=\"light\" src=\"https:\/\/otispro.pl\/wp-content\/uploads\/2023\/08\/Jakub.jpg\" alt=\"\">\r\n                                                <\/span>\r\n                                    <\/div>\r\n                <div class=\"tpcontact__address\">\r\n                                            <h4 class=\"tpcontact__title mb-15 ele-feature-title\">Jakub Zi\u00f3\u0142ek<\/h4>\r\n                    \r\n\t\t\t\t\t\t\t\t\t\t    <span class=\"ele-feature-content\">693 445 895<\/br>\n<a href=\"https:\/\/www.google.com\/url?q=https:\/\/www.linkedin.com\/in\/jakub-ziolek-4948b9103\/&amp;sa=D&amp;source=docs&amp;ust=1693469851759871&amp;usg=AOvVaw1AyzQp9pMEhSiNpWXYzVNo\">LinkedIn<\/a>\n<\/br><\/br>\nDas Unternehmen setzt sich f\u00fcr die Aufrechterhaltung der hohen Qualit\u00e4t und die Entwicklung weiterer Produkte sowie f\u00fcr einen guten Kontakt mit Kunden aus ganz Polen ein.<\/br><\/br>\n\nBedientes Gebiet:<\/br>\nGanz Polen<\/span>\r\n\t\t\t\t\t                <\/div>\r\n            <\/div>\r\n        <\/div>\r\n                <div class=\"tpcontact mr-60 mb-60 wow fadeInUp ele-section\" data-wow-delay=\".2s\">\r\n            <div class=\"tpcontact__item text-center\">\r\n                <div class=\"tpcontact__icon mb-20\">\r\n                                        <span class=\"fea__icon ele-feature-icon\">\r\n                                                <\/span>\r\n                                    <\/div>\r\n                <div class=\"tpcontact__address\">\r\n                                            <h4 class=\"tpcontact__title mb-15 ele-feature-title\">Jacek Bielecki<\/h4>\r\n                    \r\n\t\t\t\t\t\t\t\t\t\t    <span class=\"ele-feature-content\">509028029<\/br>\njacek.bielecki@otispro.pl<\/br><\/br>\nEin langj\u00e4hriger Spezialist f\u00fcr Geh\u00f6rschutz. Er wird alle Zweifel ausr\u00e4umen und Sie beraten, welcher Geh\u00f6rschutz f\u00fcr Ihre Mitarbeiter am besten geeignet ist.\n<\/br><\/br>\n\nBedientes Gebiet:<\/br>\nOberschlesien<\/span>\r\n\t\t\t\t\t                <\/div>\r\n            <\/div>\r\n        <\/div>\r\n        \r\n        \t\t<\/div>\n\t\t\t\t<\/div>\n\t\t\t\t\t<\/div>\n\t\t<\/div>\n\t\t\t\t<div class=\"elementor-column elementor-col-66 elementor-top-column elementor-element elementor-element-3d9b772\" data-id=\"3d9b772\" data-element_type=\"column\">\n\t\t\t<div class=\"elementor-widget-wrap elementor-element-populated\">\n\t\t\t\t\t\t\t\t<div class=\"elementor-element elementor-element-2574f09e elementor-widget elementor-widget-contactform\" data-id=\"2574f09e\" data-element_type=\"widget\" data-widget_type=\"contactform.default\">\n\t\t\t\t<div class=\"elementor-widget-container\">\n\t\t\t\r\n\r\n<div class=\"contactform wow fadeInRight ele-section\" data-wow-delay=\".4s\">\r\n                    <!-- <i class=\"fa-light fa-file-signature\"> -->\r\n        <h2 class=\"contactform__title mb-35 ele-title\">Schreiben Sie uns:<\/h2>\r\n            \r\n    <div class=\"contactform__list mb-60\">\r\n                <div class=\"form-wrapper\">\r\n            \n<div class=\"wpcf7 no-js\" id=\"wpcf7-f2785-o1\" lang=\"de-DE\" dir=\"ltr\">\n<div class=\"screen-reader-response\"><p role=\"status\" aria-live=\"polite\" aria-atomic=\"true\"><\/p> <ul><\/ul><\/div>\n<form action=\"\/de\/wp-json\/wp\/v2\/pages\/2757#wpcf7-f2785-o1\" method=\"post\" class=\"wpcf7-form init\" aria-label=\"Kontaktformular\" novalidate=\"novalidate\" data-status=\"init\">\n<div style=\"display: none;\">\n<input type=\"hidden\" name=\"_wpcf7\" value=\"2785\" \/>\n<input type=\"hidden\" name=\"_wpcf7_version\" value=\"5.8\" \/>\n<input type=\"hidden\" name=\"_wpcf7_locale\" value=\"de_DE\" \/>\n<input type=\"hidden\" name=\"_wpcf7_unit_tag\" value=\"wpcf7-f2785-o1\" \/>\n<input type=\"hidden\" name=\"_wpcf7_container_post\" value=\"0\" \/>\n<input type=\"hidden\" name=\"_wpcf7_posted_data_hash\" value=\"\" \/>\n<\/div>\n<div class=\"row\">\n    <div class=\"col-lg-6\">\n    <div class=\"contactform__input mb-30\">\n        <span class=\"wpcf7-form-control-wrap\" data-name=\"tpc-name\"><input size=\"40\" class=\"wpcf7-form-control wpcf7-text\" aria-invalid=\"false\" placeholder=\"Name\" value=\"\" type=\"text\" name=\"tpc-name\" \/><\/span>\n    <\/div>\n    <\/div>\n    <div class=\"col-lg-6\">\n    <div class=\"contactform__input mb-30\">\n        <span class=\"wpcf7-form-control-wrap\" data-name=\"tpc-email\"><input size=\"40\" class=\"wpcf7-form-control wpcf7-email wpcf7-text wpcf7-validates-as-email\" aria-invalid=\"false\" placeholder=\"Email\" value=\"\" type=\"email\" name=\"tpc-email\" \/><\/span>\n    <\/div>\n    <\/div>\n    <div class=\"col-lg-6\">\n    <div class=\"contactform__input mb-30\">\n        <span class=\"wpcf7-form-control-wrap\" data-name=\"tpc-phone\"><input class=\"wpcf7-form-control wpcf7-number wpcf7-validates-as-number\" aria-invalid=\"false\" placeholder=\"Telefon\" value=\"\" type=\"number\" name=\"tpc-phone\" \/><\/span>\n    <\/div>\n    <\/div>\n    <div class=\"col-lg-6\">\n    \n    <\/div>\n    <div class=\"col-lg-12\">\n    <div class=\"contactform__input mb-30\">\n        <span class=\"wpcf7-form-control-wrap\" data-name=\"tpc-message\"><textarea cols=\"40\" rows=\"10\" class=\"wpcf7-form-control wpcf7-textarea\" aria-invalid=\"false\" placeholder=\"Nachricht\" name=\"tpc-message\"><\/textarea><\/span>\n    <\/div>\n    <\/div>\n    <div class=\"col-lg-12\">\n    <div class=\"contactform__input mb-30-btn\">\n        <button type=\"submit\" class=\"tp-btn\">Senden<\/button>\n    <\/div>\n    <\/div>\n<\/div><div class=\"wpcf7-response-output\" aria-hidden=\"true\"><\/div>\n<\/form>\n<\/div>\n        <\/div>\r\n            <\/div>\r\n<\/div>\r\n\r\n\t\t<\/div>\n\t\t\t\t<\/div>\n\t\t<div class=\"elementor-element elementor-element-0235610 e-flex e-con-boxed e-con e-parent\" data-id=\"0235610\" data-element_type=\"container\" data-settings=\"{&quot;content_width&quot;:&quot;boxed&quot;}\" data-core-v316-plus=\"true\">\n\t\t\t\t\t<div class=\"e-con-inner\">\n\t\t<div class=\"elementor-element elementor-element-376af8c e-flex e-con-boxed e-con e-child\" data-id=\"376af8c\" data-element_type=\"container\" data-settings=\"{&quot;content_width&quot;:&quot;boxed&quot;}\">\n\t\t\t\t\t<div class=\"e-con-inner\">\n\t\t\t\t<div class=\"elementor-element elementor-element-5b02431 elementor-widget elementor-widget-contact-info-box\" data-id=\"5b02431\" data-element_type=\"widget\" data-widget_type=\"contact-info-box.default\">\n\t\t\t\t<div class=\"elementor-widget-container\">\n\t\t\t\r\n                <div class=\"tpcontact mr-60 mb-60 wow fadeInUp ele-section\" data-wow-delay=\".2s\">\r\n            <div class=\"tpcontact__item text-center\">\r\n                <div class=\"tpcontact__icon mb-20\">\r\n                                        <span class=\"fea__icon ele-feature-icon\">\r\n                                                        <img decoding=\"async\" class=\"light\" src=\"https:\/\/otispro.pl\/wp-content\/uploads\/2022\/08\/contact-02.png\" alt=\"\">\r\n                                                <\/span>\r\n                                    <\/div>\r\n                <div class=\"tpcontact__address\">\r\n                                            <h4 class=\"tpcontact__title mb-15 ele-feature-title\">Email<\/h4>\r\n                    \r\n\t\t\t\t\t\t\t\t\t\t    <span class=\"ele-feature-content\">biuro@otispro.pl<\/br><\/br><\/span>\r\n\t\t\t\t\t                <\/div>\r\n            <\/div>\r\n        <\/div>\r\n        \r\n        \t\t<\/div>\n\t\t\t\t<\/div>\n\t\t\t\t\t<\/div>\n\t\t\t\t<\/div>\n\t\t<div class=\"elementor-element elementor-element-d8d83db e-flex e-con-boxed e-con e-child\" data-id=\"d8d83db\" data-element_type=\"container\" data-settings=\"{&quot;content_width&quot;:&quot;boxed&quot;}\">\n\t\t\t\t\t<div class=\"e-con-inner\">\n\t\t\t\t<div class=\"elementor-element elementor-element-6270458 elementor-widget elementor-widget-contact-info-box\" data-id=\"6270458\" data-element_type=\"widget\" data-widget_type=\"contact-info-box.default\">\n\t\t\t\t<div class=\"elementor-widget-container\">\n\t\t\t\r\n                <div class=\"tpcontact mr-60 mb-60 wow fadeInUp ele-section\" data-wow-delay=\".2s\">\r\n            <div class=\"tpcontact__item text-center\">\r\n                <div class=\"tpcontact__icon mb-20\">\r\n                                        <span class=\"fea__icon ele-feature-icon\">\r\n                                                        <img decoding=\"async\" class=\"light\" src=\"https:\/\/weblearnbd.net\/wp\/bioxlab\/wp-content\/uploads\/2022\/08\/contact-01.png\" alt=\"\">\r\n                                                <\/span>\r\n                                    <\/div>\r\n                <div class=\"tpcontact__address\">\r\n                                            <h4 class=\"tpcontact__title mb-15 ele-feature-title\">Adresse<\/h4>\r\n                    \r\n\t\t\t\t\t\t\t\t\t\t    <span class=\"ele-feature-content\">Somosierry 30A<\/br>\n71-181 Szczecin<\/span>\r\n\t\t\t\t\t                <\/div>\r\n            <\/div>\r\n        <\/div>\r\n        \r\n        \t\t<\/div>\n\t\t\t\t<\/div>\n\t\t\t\t\t<\/div>\n\t\t\t\t<\/div>\n\t\t\t\t\t<\/div>\n\t\t\t\t<\/div>\n\t\t\t\t<div class=\"elementor-element elementor-element-6a2a8a1 elementor-widget elementor-widget-google_maps\" data-id=\"6a2a8a1\" data-element_type=\"widget\" data-widget_type=\"google_maps.default\">\n\t\t\t\t<div class=\"elementor-widget-container\">\n\t\t\t<style>\/*! elementor - v3.16.0 - 14-09-2023 *\/\n.elementor-widget-google_maps .elementor-widget-container{overflow:hidden}.elementor-widget-google_maps .elementor-custom-embed{line-height:0}.elementor-widget-google_maps iframe{height:300px}<\/style>\t\t<div class=\"elementor-custom-embed\">\n\t\t\t<iframe loading=\"lazy\"\n\t\t\t\t\tsrc=\"https:\/\/maps.google.com\/maps?q=Somosierry%2030A%20Szczecin&#038;t=m&#038;z=14&#038;output=embed&#038;iwloc=near\"\n\t\t\t\t\ttitle=\"Somosierry 30A Szczecin\"\n\t\t\t\t\taria-label=\"Somosierry 30A Szczecin\"\n\t\t\t><\/iframe>\n\t\t<\/div>\n\t\t\t\t<\/div>\n\t\t\t\t<\/div>\n\t\t\t\t\t<\/div>\n\t\t<\/div>\n\t\t\t\t\t\t\t<\/div>\n\t\t<\/section>\n\t\t\t\t\t\t\t<\/div>\n\t\t","protected":false},"excerpt":{"rendered":"<p>Jakub Zi\u00f3\u0142ek 693 445 895 LinkedIn Das Unternehmen setzt sich f\u00fcr die Aufrechterhaltung der hohen Qualit\u00e4t und die Entwicklung weiterer Produkte sowie f\u00fcr einen guten Kontakt mit Kunden aus ganz Polen ein. Bedientes Gebiet: Ganz Polen Jacek Bielecki 509028029 jacek.bielecki@otispro.pl Ein langj\u00e4hriger Spezialist f\u00fcr Geh\u00f6rschutz. Er wird alle Zweifel ausr\u00e4umen und Sie beraten, welcher Geh\u00f6rschutz [&hellip;]<\/p>\n","protected":false},"author":1,"featured_media":0,"parent":0,"menu_order":0,"comment_status":"closed","ping_status":"closed","template":"page-left-menu.php","meta":{"_seopress_robots_primary_cat":"","footnotes":""},"acf":[],"_links":{"self":[{"href":"https:\/\/otispro.pl\/de\/wp-json\/wp\/v2\/pages\/2757"}],"collection":[{"href":"https:\/\/otispro.pl\/de\/wp-json\/wp\/v2\/pages"}],"about":[{"href":"https:\/\/otispro.pl\/de\/wp-json\/wp\/v2\/types\/page"}],"author":[{"embeddable":true,"href":"https:\/\/otispro.pl\/de\/wp-json\/wp\/v2\/users\/1"}],"replies":[{"embeddable":true,"href":"https:\/\/otispro.pl\/de\/wp-json\/wp\/v2\/comments?post=2757"}],"version-history":[{"count":4,"href":"https:\/\/otispro.pl\/de\/wp-json\/wp\/v2\/pages\/2757\/revisions"}],"predecessor-version":[{"id":2784,"href":"https:\/\/otispro.pl\/de\/wp-json\/wp\/v2\/pages\/2757\/revisions\/2784"}],"wp:attachment":[{"href":"https:\/\/otispro.pl\/de\/wp-json\/wp\/v2\/media?parent=2757"}],"curies":[{"name":"wp","href":"https:\/\/api.w.org\/{rel}","templated":true}]}}